{"id":110,"date":"2024-01-24T09:58:52","date_gmt":"2024-01-24T09:58:52","guid":{"rendered":"https:\/\/unavidaversatil.com\/?page_id=110"},"modified":"2025-09-18T01:41:26","modified_gmt":"2025-09-18T01:41:26","slug":"contacto","status":"publish","type":"page","link":"https:\/\/unavidaversatil.com\/index.php\/contacto\/","title":{"rendered":"Contacto"},"content":{"rendered":"<p>[et_pb_section fb_built=&#8221;1&#8243; admin_label=&#8221;Header &#038; Contact Form&#8221; _builder_version=&#8221;4.23.2&#8243; _module_preset=&#8221;default&#8221; background_color=&#8221;gcid-fc7afca1-7302-4e55-829d-3d445387c282&#8243; custom_padding=&#8221;|23px||||&#8221; collapsed=&#8221;on&#8221; global_colors_info=&#8221;{%22gcid-fc7afca1-7302-4e55-829d-3d445387c282%22:%91%22background_color%22%93}&#8221;][et_pb_row _builder_version=&#8221;4.23.2&#8243; _module_preset=&#8221;default&#8221; max_width=&#8221;800px&#8221; global_colors_info=&#8221;{}&#8221;][et_pb_column type=&#8221;4_4&#8243; _builder_version=&#8221;4.23.2&#8243; _module_preset=&#8221;default&#8221; global_colors_info=&#8221;{}&#8221;][et_pb_text _builder_version=&#8221;4.24.0&#8243; _module_preset=&#8221;e9d07134-48da-42fa-949b-8ecdd3d81a61&#8243; header_text_color=&#8221;gcid-3c3581c1-f373-4686-aa51-f9f01c8ffd79&#8243; text_orientation=&#8221;center&#8221; custom_margin=&#8221;||10px||false|false&#8221; global_colors_info=&#8221;{%22gcid-3c3581c1-f373-4686-aa51-f9f01c8ffd79%22:%91%22header_text_color%22%93}&#8221;]<\/p>\n<h1><span>Cont\u00e1ctenos<\/span><\/h1>\n<p>[\/et_pb_text][et_pb_text _builder_version=&#8221;4.27.4&#8243; _module_preset=&#8221;0278e729-2dcf-46a6-acf1-8ab73fdd8181&#8243; text_text_color=&#8221;gcid-75f8feef-8e89-48de-a593-3e169dc48f01&#8243; text_orientation=&#8221;center&#8221; hover_enabled=&#8221;0&#8243; global_colors_info=&#8221;{%22gcid-75f8feef-8e89-48de-a593-3e169dc48f01%22:%91%22text_text_color%22%93}&#8221; sticky_enabled=&#8221;0&#8243;]<\/p>\n<p style=\"font-weight: 400;\">Tu opini\u00f3n es importante para nosotros. \u00a1Nos encantar\u00eda saber de ti!<\/p>\n<p>[\/et_pb_text][\/et_pb_column][\/et_pb_row][et_pb_row column_structure=&#8221;1_2,1_2&#8243; use_custom_gutter=&#8221;on&#8221; gutter_width=&#8221;1&#8243; make_equal=&#8221;on&#8221; _builder_version=&#8221;4.27.4&#8243; _module_preset=&#8221;default&#8221; hover_enabled=&#8221;0&#8243; locked=&#8221;off&#8221; global_colors_info=&#8221;{}&#8221; sticky_enabled=&#8221;0&#8243;][et_pb_column type=&#8221;1_2&#8243; _builder_version=&#8221;4.27.4&#8243; _module_preset=&#8221;default&#8221; background_color=&#8221;#366560&#8243; custom_padding=&#8221;150px|75px|150px|75px|true|true&#8221; custom_padding_tablet=&#8221;10vw|10vw|10vw|10vw|true|true&#8221; custom_padding_phone=&#8221;||||false|false&#8221; custom_padding_last_edited=&#8221;on|tablet&#8221; mix_blend_mode=&#8221;multiply&#8221; hover_enabled=&#8221;0&#8243; global_colors_info=&#8221;{}&#8221; sticky_enabled=&#8221;0&#8243;][et_pb_contact_form captcha=&#8221;off&#8221; email=&#8221;unavidaversatil@gmail.com&#8221; success_message=&#8221;\u00a1Gracias por tu mensaje!&#8221; submit_button_text=&#8221;Enviar&#8221; _builder_version=&#8221;4.24.0&#8243; _module_preset=&#8221;default&#8221; _unique_id=&#8221;37352547-b97b-4413-85e2-b00056b20234&#8243; form_field_background_color=&#8221;RGBA(255,255,255,0)&#8221; form_field_text_color=&#8221;rgba(255,255,255,0.7)&#8221; form_field_focus_text_color=&#8221;#FFFFFF&#8221; form_field_custom_padding=&#8221;14px|24px|14px|24px|true|true&#8221; form_field_font=&#8221;Inter|700||on|||||&#8221; form_field_font_size=&#8221;13px&#8221; form_field_letter_spacing=&#8221;0.16em&#8221; custom_button=&#8221;on&#8221; button_text_size=&#8221;13px&#8221; button_text_color=&#8221;#000000&#8243; button_bg_color=&#8221;#FFFFFF&#8221; button_border_width=&#8221;0px&#8221; button_border_radius=&#8221;0px&#8221; button_letter_spacing=&#8221;0.16em&#8221; button_font=&#8221;Inter|700||on|||||&#8221; button_custom_padding=&#8221;14px|20px|14px|20px|true|true&#8221; border_width_all=&#8221;2px&#8221; border_color_all=&#8221;#FFFFFF&#8221; locked=&#8221;off&#8221; global_colors_info=&#8221;{%22gcid-33ba488a-a977-4fcb-9562-ca062f22498f%22:%91%22header_text_color%22,%22arrows_custom_color%22,%22dot_nav_custom_color%22,%22header_text_color%22,%22arrows_custom_color%22,%22dot_nav_custom_color%22%93,%22gcid-3c3581c1-f373-4686-aa51-f9f01c8ffd79%22:%91%22body_text_color%22,%22body_text_color%22%93}&#8221;][et_pb_contact_field field_id=&#8221;Name&#8221; field_title=&#8221;Nombre&#8221; fullwidth_field=&#8221;on&#8221; _builder_version=&#8221;4.24.0&#8243; _module_preset=&#8221;default&#8221; global_colors_info=&#8221;{}&#8221; button_text_size__hover_enabled=&#8221;off&#8221; button_one_text_size__hover_enabled=&#8221;off&#8221; button_two_text_size__hover_enabled=&#8221;off&#8221; button_text_color__hover_enabled=&#8221;off&#8221; button_one_text_color__hover_enabled=&#8221;off&#8221; button_two_text_color__hover_enabled=&#8221;off&#8221; button_border_width__hover_enabled=&#8221;off&#8221; button_one_border_width__hover_enabled=&#8221;off&#8221; button_two_border_width__hover_enabled=&#8221;off&#8221; button_border_color__hover_enabled=&#8221;off&#8221; button_one_border_color__hover_enabled=&#8221;off&#8221; button_two_border_color__hover_enabled=&#8221;off&#8221; button_border_radius__hover_enabled=&#8221;off&#8221; button_one_border_radius__hover_enabled=&#8221;off&#8221; button_two_border_radius__hover_enabled=&#8221;off&#8221; button_letter_spacing__hover_enabled=&#8221;off&#8221; button_one_letter_spacing__hover_enabled=&#8221;off&#8221; button_two_letter_spacing__hover_enabled=&#8221;off&#8221; button_bg_color__hover_enabled=&#8221;off&#8221; button_one_bg_color__hover_enabled=&#8221;off&#8221; button_two_bg_color__hover_enabled=&#8221;off&#8221;][\/et_pb_contact_field][et_pb_contact_field field_id=&#8221;Email&#8221; field_title=&#8221;Email&#8221; field_type=&#8221;email&#8221; fullwidth_field=&#8221;on&#8221; _builder_version=&#8221;4.24.0&#8243; _module_preset=&#8221;default&#8221; global_colors_info=&#8221;{}&#8221; button_text_size__hover_enabled=&#8221;off&#8221; button_one_text_size__hover_enabled=&#8221;off&#8221; button_two_text_size__hover_enabled=&#8221;off&#8221; button_text_color__hover_enabled=&#8221;off&#8221; button_one_text_color__hover_enabled=&#8221;off&#8221; button_two_text_color__hover_enabled=&#8221;off&#8221; button_border_width__hover_enabled=&#8221;off&#8221; button_one_border_width__hover_enabled=&#8221;off&#8221; button_two_border_width__hover_enabled=&#8221;off&#8221; button_border_color__hover_enabled=&#8221;off&#8221; button_one_border_color__hover_enabled=&#8221;off&#8221; button_two_border_color__hover_enabled=&#8221;off&#8221; button_border_radius__hover_enabled=&#8221;off&#8221; button_one_border_radius__hover_enabled=&#8221;off&#8221; button_two_border_radius__hover_enabled=&#8221;off&#8221; button_letter_spacing__hover_enabled=&#8221;off&#8221; button_one_letter_spacing__hover_enabled=&#8221;off&#8221; button_two_letter_spacing__hover_enabled=&#8221;off&#8221; button_bg_color__hover_enabled=&#8221;off&#8221; button_one_bg_color__hover_enabled=&#8221;off&#8221; button_two_bg_color__hover_enabled=&#8221;off&#8221;][\/et_pb_contact_field][et_pb_contact_field field_id=&#8221;Message&#8221; field_title=&#8221;Mensaje&#8221; field_type=&#8221;text&#8221; fullwidth_field=&#8221;on&#8221; _builder_version=&#8221;4.24.0&#8243; _module_preset=&#8221;default&#8221; global_colors_info=&#8221;{}&#8221; button_text_size__hover_enabled=&#8221;off&#8221; button_one_text_size__hover_enabled=&#8221;off&#8221; button_two_text_size__hover_enabled=&#8221;off&#8221; button_text_color__hover_enabled=&#8221;off&#8221; button_one_text_color__hover_enabled=&#8221;off&#8221; button_two_text_color__hover_enabled=&#8221;off&#8221; button_border_width__hover_enabled=&#8221;off&#8221; button_one_border_width__hover_enabled=&#8221;off&#8221; button_two_border_width__hover_enabled=&#8221;off&#8221; button_border_color__hover_enabled=&#8221;off&#8221; button_one_border_color__hover_enabled=&#8221;off&#8221; button_two_border_color__hover_enabled=&#8221;off&#8221; button_border_radius__hover_enabled=&#8221;off&#8221; button_one_border_radius__hover_enabled=&#8221;off&#8221; button_two_border_radius__hover_enabled=&#8221;off&#8221; button_letter_spacing__hover_enabled=&#8221;off&#8221; button_one_letter_spacing__hover_enabled=&#8221;off&#8221; button_two_letter_spacing__hover_enabled=&#8221;off&#8221; button_bg_color__hover_enabled=&#8221;off&#8221; button_one_bg_color__hover_enabled=&#8221;off&#8221; button_two_bg_color__hover_enabled=&#8221;off&#8221;][\/et_pb_contact_field][\/et_pb_contact_form][\/et_pb_column][et_pb_column type=&#8221;1_2&#8243; _builder_version=&#8221;4.24.0&#8243; _module_preset=&#8221;default&#8221; background_color=&#8221;gcid-4b9eed5c-3d04-4887-bc15-8a2e9c2e3ea1&#8243; use_background_color_gradient=&#8221;on&#8221; background_color_gradient_direction=&#8221;230deg&#8221; background_color_gradient_stops=&#8221;rgba(44,42,39,0.2) 0%|rgba(44,42,39,0.2) 100%&#8221; background_color_gradient_overlays_image=&#8221;on&#8221; background_image=&#8221;http:\/\/unavidaversatil.com\/wp-content\/uploads\/2024\/02\/female-workspace-with-computer-tulip-flowers-bouquet-golden-accessories-diary-pink-background-fla-scaled.jpg&#8221; parallax=&#8221;on&#8221; border_width_all=&#8221;60px&#8221; border_color_all=&#8221;#e5e1df&#8221; border_width_all_tablet=&#8221;8vw&#8221; border_width_all_phone=&#8221;8vw&#8221; border_width_all_last_edited=&#8221;on|desktop&#8221; box_shadow_spread_tablet=&#8221;30px&#8221; box_shadow_spread_phone=&#8221;20px&#8221; box_shadow_spread_last_edited=&#8221;off|desktop&#8221; global_colors_info=&#8221;{%22gcid-4b9eed5c-3d04-4887-bc15-8a2e9c2e3ea1%22:%91%22background_color%22,%22box_shadow_color%22%93}&#8221;][et_pb_divider show_divider=&#8221;off&#8221; _builder_version=&#8221;4.23.2&#8243; _module_preset=&#8221;default&#8221; height_tablet=&#8221;70vw&#8221; height_phone=&#8221;50vw&#8221; height_last_edited=&#8221;on|tablet&#8221; global_colors_info=&#8221;{}&#8221;][\/et_pb_divider][\/et_pb_column][\/et_pb_row][\/et_pb_section][et_pb_section fb_built=&#8221;1&#8243; admin_label=&#8221;Footer&#8221; _builder_version=&#8221;4.27.4&#8243; _module_preset=&#8221;default&#8221; background_color=&#8221;gcid-fc7afca1-7302-4e55-829d-3d445387c282&#8243; global_module=&#8221;307&#8243; saved_tabs=&#8221;all&#8221; collapsed=&#8221;on&#8221; global_colors_info=&#8221;{%22gcid-fc7afca1-7302-4e55-829d-3d445387c282%22:%91%22background_color%22%93}&#8221;][et_pb_row column_structure=&#8221;1_2,1_2&#8243; _builder_version=&#8221;4.23.2&#8243; _module_preset=&#8221;default&#8221; global_colors_info=&#8221;{}&#8221;][et_pb_column type=&#8221;1_2&#8243; _builder_version=&#8221;4.23.2&#8243; _module_preset=&#8221;default&#8221; global_colors_info=&#8221;{}&#8221;][et_pb_text _builder_version=&#8221;4.24.0&#8243; _module_preset=&#8221;cec47057-7028-475f-b9d6-f125e7b7e8b3&#8243; header_5_text_color=&#8221;gcid-3c3581c1-f373-4686-aa51-f9f01c8ffd79&#8243; custom_margin=&#8221;||10px||false|false&#8221; global_colors_info=&#8221;{%22gcid-3c3581c1-f373-4686-aa51-f9f01c8ffd79%22:%91%22header_5_text_color%22%93}&#8221;]<\/p>\n<h5>Una Vida Vers\u00e1til<\/h5>\n<p>[\/et_pb_text][et_pb_text _builder_version=&#8221;4.27.4&#8243; _module_preset=&#8221;611d3022-4fe7-4daa-9d3b-64dc924ba710&#8243; text_text_color=&#8221;gcid-75f8feef-8e89-48de-a593-3e169dc48f01&#8243; global_colors_info=&#8221;{%22gcid-75f8feef-8e89-48de-a593-3e169dc48f01%22:%91%22text_text_color%22%93}&#8221;]<\/p>\n<p>Conectemos en redes!<\/p>\n<p>Insp\u00edrate cada d\u00eda y comparte tu camino con la comunidad.<\/p>\n<p>[\/et_pb_text][et_pb_social_media_follow icon_color=&#8221;#FFFFFF&#8221; _builder_version=&#8221;4.27.4&#8243; _module_preset=&#8221;default&#8221; border_radii=&#8221;on|100px|100px|100px|100px&#8221; global_colors_info=&#8221;{}&#8221;][et_pb_social_media_follow_network social_network=&#8221;instagram&#8221; url=&#8221;https:\/\/www.instagram.com\/una_vida_versatil\/&#8221; _builder_version=&#8221;4.27.4&#8243; _module_preset=&#8221;default&#8221; background_color=&#8221;#366560&#8243; background_enable_color=&#8221;on&#8221; custom_padding=&#8221;4px|4px|4px|4px|true|true&#8221; global_colors_info=&#8221;{}&#8221; follow_button=&#8221;off&#8221; url_new_window=&#8221;on&#8221;]instagram[\/et_pb_social_media_follow_network][et_pb_social_media_follow_network social_network=&#8221;tiktok&#8221; url=&#8221;https:\/\/www.tiktok.com\/@unavidaversatil?_t=8js56L8CbGD&#038;_r=1&#8243; _builder_version=&#8221;4.27.4&#8243; _module_preset=&#8221;default&#8221; background_color=&#8221;#366560&#8243; background_enable_color=&#8221;on&#8221; custom_padding=&#8221;4px|4px|4px|4px|true|true&#8221; global_colors_info=&#8221;{}&#8221; follow_button=&#8221;off&#8221; url_new_window=&#8221;on&#8221;]tiktok[\/et_pb_social_media_follow_network][et_pb_social_media_follow_network social_network=&#8221;youtube&#8221; url=&#8221;https:\/\/www.youtube.com\/channel\/UCBoFw97wfwkqxL19OO8lu1g&#8221; _builder_version=&#8221;4.27.4&#8243; _module_preset=&#8221;default&#8221; background_color=&#8221;#366560&#8243; background_enable_color=&#8221;on&#8221; custom_padding=&#8221;4px|4px|4px|4px|true|true&#8221; global_colors_info=&#8221;{}&#8221; follow_button=&#8221;off&#8221; url_new_window=&#8221;on&#8221;]youtube[\/et_pb_social_media_follow_network][et_pb_social_media_follow_network social_network=&#8221;facebook&#8221; url=&#8221;https:\/\/www.facebook.com\/profile.php?id=61556517181085&#8243; _builder_version=&#8221;4.27.4&#8243; _module_preset=&#8221;default&#8221; background_color=&#8221;#366560&#8243; background_enable_color=&#8221;on&#8221; custom_padding=&#8221;4px|4px|4px|4px|true|true&#8221; global_colors_info=&#8221;{}&#8221; follow_button=&#8221;off&#8221; url_new_window=&#8221;on&#8221;]facebook[\/et_pb_social_media_follow_network][\/et_pb_social_media_follow][\/et_pb_column][et_pb_column type=&#8221;1_2&#8243; _builder_version=&#8221;4.23.2&#8243; _module_preset=&#8221;default&#8221; global_colors_info=&#8221;{}&#8221;][et_pb_text _builder_version=&#8221;4.24.0&#8243; _module_preset=&#8221;cec47057-7028-475f-b9d6-f125e7b7e8b3&#8243; header_5_text_color=&#8221;gcid-3c3581c1-f373-4686-aa51-f9f01c8ffd79&#8243; custom_margin=&#8221;||10px||false|false&#8221; locked=&#8221;off&#8221; global_colors_info=&#8221;{%22gcid-3c3581c1-f373-4686-aa51-f9f01c8ffd79%22:%91%22header_5_text_color%22%93}&#8221;]<\/p>\n<h5>Cont\u00e1cto<\/h5>\n<p>[\/et_pb_text][et_pb_text _builder_version=&#8221;4.24.0&#8243; _module_preset=&#8221;3657346c-ea8a-4ca3-866c-80c661930d1d&#8221; header_3_text_color=&#8221;gcid-3c3581c1-f373-4686-aa51-f9f01c8ffd79&#8243; global_colors_info=&#8221;{%22gcid-3c3581c1-f373-4686-aa51-f9f01c8ffd79%22:%91%22header_3_text_color%22%93}&#8221;]<\/p>\n<h4>unavidaversatil@gmail.com<\/h4>\n<p>[\/et_pb_text][et_pb_button button_url=&#8221;https:\/\/unavidaversatil.com\/index.php\/contacto\/&#8221; button_text=&#8221;\u00fanete a nuestra comunidad&#8221; _builder_version=&#8221;4.24.0&#8243; _module_preset=&#8221;b9b392e1-c1d5-4343-b256-66864273ccdc&#8221; button_border_color=&#8221;gcid-fc7afca1-7302-4e55-829d-3d445387c282&#8243; global_colors_info=&#8221;{%22gcid-33ba488a-a977-4fcb-9562-ca062f22498f%22:%91%22button_bg_color%22,%22button_bg_color%22%93,%22gcid-fc7afca1-7302-4e55-829d-3d445387c282%22:%91%22button_border_color%22%93}&#8221;][\/et_pb_button][\/et_pb_column][\/et_pb_row][et_pb_row _builder_version=&#8221;4.23.2&#8243; _module_preset=&#8221;default&#8221; global_colors_info=&#8221;{}&#8221;][et_pb_column type=&#8221;4_4&#8243; _builder_version=&#8221;4.23.2&#8243; _module_preset=&#8221;default&#8221; global_colors_info=&#8221;{}&#8221;][et_pb_text _builder_version=&#8221;4.24.0&#8243; _dynamic_attributes=&#8221;content&#8221; _module_preset=&#8221;611d3022-4fe7-4daa-9d3b-64dc924ba710&#8243; text_text_color=&#8221;gcid-75f8feef-8e89-48de-a593-3e169dc48f01&#8243; text_orientation=&#8221;center&#8221; global_colors_info=&#8221;{%22gcid-75f8feef-8e89-48de-a593-3e169dc48f01%22:%91%22text_text_color%22%93}&#8221;]@ET-DC@eyJkeW5hbWljIjp0cnVlLCJjb250ZW50IjoiY3VycmVudF9kYXRlIiwic2V0dGluZ3MiOnsiYmVmb3JlIjoiQ29weXJpZ2h0ICZjb3B5OyAiLCJhZnRlciI6IiBVbmEgVmlkYSBWZXJzXHUwMGUxdGlsIC4gQWxsIFJpZ2h0cyBSZXNlcnZlZC4iLCJkYXRlX2Zvcm1hdCI6ImN1c3RvbSIsImN1c3RvbV9kYXRlX2Zvcm1hdCI6IlkifX0=@[\/et_pb_text][\/et_pb_column][\/et_pb_row][\/et_pb_section]<\/p>\n","protected":false},"excerpt":{"rendered":"<p>Cont\u00e1ctenosTu opini\u00f3n es importante para nosotros. \u00a1Nos encantar\u00eda saber de ti!Una Vida Vers\u00e1tilConectemos en redes! Insp\u00edrate cada d\u00eda y comparte tu camino con la comunidad.Cont\u00e1ctounavidaversatil@gmail.com<\/p>\n","protected":false},"author":1,"featured_media":0,"parent":0,"menu_order":0,"comment_status":"closed","ping_status":"closed","template":"","meta":{"_et_pb_use_builder":"on","_et_pb_old_content":"","_et_gb_content_width":"","footnotes":""},"class_list":["post-110","page","type-page","status-publish","hentry"],"_links":{"self":[{"href":"https:\/\/unavidaversatil.com\/index.php\/wp-json\/wp\/v2\/pages\/110","targetHints":{"allow":["GET"]}}],"collection":[{"href":"https:\/\/unavidaversatil.com\/index.php\/wp-json\/wp\/v2\/pages"}],"about":[{"href":"https:\/\/unavidaversatil.com\/index.php\/wp-json\/wp\/v2\/types\/page"}],"author":[{"embeddable":true,"href":"https:\/\/unavidaversatil.com\/index.php\/wp-json\/wp\/v2\/users\/1"}],"replies":[{"embeddable":true,"href":"https:\/\/unavidaversatil.com\/index.php\/wp-json\/wp\/v2\/comments?post=110"}],"version-history":[{"count":9,"href":"https:\/\/unavidaversatil.com\/index.php\/wp-json\/wp\/v2\/pages\/110\/revisions"}],"predecessor-version":[{"id":523,"href":"https:\/\/unavidaversatil.com\/index.php\/wp-json\/wp\/v2\/pages\/110\/revisions\/523"}],"wp:attachment":[{"href":"https:\/\/unavidaversatil.com\/index.php\/wp-json\/wp\/v2\/media?parent=110"}],"curies":[{"name":"wp","href":"https:\/\/api.w.org\/{rel}","templated":true}]}}